{"id":7886,"date":"2019-12-02T10:09:57","date_gmt":"2019-12-02T08:09:57","guid":{"rendered":"http:\/\/finst-ee.vserver.zonevs.eu\/kieli\/olumpiaadid\/"},"modified":"2019-12-17T17:06:36","modified_gmt":"2019-12-17T15:06:36","slug":"agricola-kilpailu","status":"publish","type":"page","link":"https:\/\/finst.ee\/fi\/ohjelmat\/kielenopetus-ja-koulutus\/agricola-kilpailu\/","title":{"rendered":"Agricola-kilpailu"},"content":{"rendered":"<p><span style=\"font-weight: 400;\">Tarton yliopisto j\u00e4rjest\u00e4\u00e4 peruskoulun viimeisten luokkien ja lukioiden sek\u00e4 ammattikoulujen opiskelijoille valtakunnallisia kilpailuja yli kahdessakymmeness\u00e4 oppiaineessa, joista yksi on suomen kieli. Kilpailu on nimetty suomen kirjakielen is\u00e4n Mikael Agricolan (1510<\/span><span style=\"font-weight: 400;\">\u2013<\/span><span style=\"font-weight: 400;\">1557) mukaan, ja se j\u00e4rjestet\u00e4\u00e4n vuosittain huhtikuussa Mikael Agricolan p\u00e4iv\u00e4n eli suomen kielen p\u00e4iv\u00e4n (9.4) tienoilla. Kilpailun j\u00e4rjestelyt toteutetaan yhteisty\u00f6ss\u00e4 Suomen Viron-instituutin ja Tallinnan yliopiston kanssa. <\/span><\/p>\n<p><span style=\"font-weight: 400;\">Lis\u00e4tietoa kilpailusta (viroksi): <\/span><a href=\"https:\/\/www.teaduskool.ut.ee\/et\/olumpiaadid\/soome-keele-olumpiaad\"><span style=\"font-weight: 400;\">Soome keele ol\u00fcmpiaad<\/span><\/a><\/p>\n","protected":false},"excerpt":{"rendered":"Tarton yliopisto j\u00e4rjest\u00e4\u00e4 peruskoulun viimeisten luokkien ja lukioiden sek\u00e4 ammattikoulujen opiskelijoille valtakunnallisia kilpailuja yli kahdessakymmeness\u00e4 oppiaineessa, joista yksi on suomen kieli. Kilpailu on nimetty suomen kirjakielen is\u00e4n Mikael Agricolan (1510\u20131557) mukaan, ja se j\u00e4rjestet\u00e4\u00e4n vuosittain huhtikuussa Mikael Agricolan p\u00e4iv\u00e4n eli suomen kielen p\u00e4iv\u00e4n (9.4) tienoilla. Kilpailun j\u00e4rjestelyt toteutetaan yhteisty\u00f6ss\u00e4 Suomen Viron-instituutin ja Tallinnan yliopiston kanssa. [&hellip;]","protected":false},"author":2,"featured_media":0,"parent":23972,"menu_order":3,"comment_status":"closed","ping_status":"closed","template":"","meta":{"_acf_changed":false,"inline_featured_image":false,"footnotes":""},"tags":[],"class_list":["post-7886","page","type-page","status-publish","hentry"],"acf":{"exclude_page_from_page_listings":false,"meta_description":"","title":"Agricola-kilpailu","image":25565},"_links":{"self":[{"href":"https:\/\/finst.ee\/fi\/wp-json\/wp\/v2\/pages\/7886","targetHints":{"allow":["GET"]}}],"collection":[{"href":"https:\/\/finst.ee\/fi\/wp-json\/wp\/v2\/pages"}],"about":[{"href":"https:\/\/finst.ee\/fi\/wp-json\/wp\/v2\/types\/page"}],"author":[{"embeddable":true,"href":"https:\/\/finst.ee\/fi\/wp-json\/wp\/v2\/users\/2"}],"replies":[{"embeddable":true,"href":"https:\/\/finst.ee\/fi\/wp-json\/wp\/v2\/comments?post=7886"}],"version-history":[{"count":12,"href":"https:\/\/finst.ee\/fi\/wp-json\/wp\/v2\/pages\/7886\/revisions"}],"predecessor-version":[{"id":27047,"href":"https:\/\/finst.ee\/fi\/wp-json\/wp\/v2\/pages\/7886\/revisions\/27047"}],"up":[{"embeddable":true,"href":"https:\/\/finst.ee\/fi\/wp-json\/wp\/v2\/pages\/23972"}],"wp:attachment":[{"href":"https:\/\/finst.ee\/fi\/wp-json\/wp\/v2\/media?parent=7886"}],"wp:term":[{"taxonomy":"post_tag","embeddable":true,"href":"https:\/\/finst.ee\/fi\/wp-json\/wp\/v2\/tags?post=7886"}],"curies":[{"name":"wp","href":"https:\/\/api.w.org\/{rel}","templated":true}]}}