{"id":4735,"date":"2019-12-03T14:08:39","date_gmt":"2019-12-03T12:08:39","guid":{"rendered":"http:\/\/finst-ee.vserver.zonevs.eu\/?page_id=4735"},"modified":"2023-11-15T11:10:35","modified_gmt":"2023-11-15T09:10:35","slug":"marimekko-suomalainen-design-klassikko","status":"publish","type":"page","link":"https:\/\/finst.ee\/fi\/ohjelmat\/kiertonayttelyt\/marimekko-suomalainen-design-klassikko\/","title":{"rendered":"Marimekko \u2013 suomalainen design-klassikko"},"content":{"rendered":"<p>Tunnetun suomalaisen tekstiilialan br\u00e4ndin Marimekon n\u00e4yttely esittelee yrityksen monipuolista tuotantoa ja luo my\u00f6s katsauksen yrityksen v\u00e4rikk\u00e4\u00e4seen historiaan.<\/p>\n<p>Marimekko on kansainv\u00e4lisesti tunnettu suomalainen tekstiilialan yritys, jonka perusti <strong>Armi Ratia<\/strong> vuonna 1951. H\u00e4n oli yksi ensimm\u00e4isist\u00e4 naisjohtajista Suomessa. Ratia oli koulutukseltaan tekstiilitaiteilija, ja h\u00e4n ker\u00e4si\u00a0 ymp\u00e4rilleen luovia ja ennakkoluulottomia suunnittelijoita: <strong>Vuokko Nurmesniemi<\/strong> tuli Marimekkoon vuonna 195 ja <strong>Maija Isola<\/strong> oli ollut yhteisty\u00f6ss\u00e4 Ratian kanssa jo vuodesta 1949 l\u00e4htien. Vuonna 1969 Marimekkoon tuli ensimm\u00e4inen japanilainen suunnittelija, <strong>Katsuji Wakisaka<\/strong>, joka pian sai seuraajakseen <strong>Fujiwo Ishimoton<\/strong>.<\/p>\n<p>Marimekon kuviot olivat jo varhain tunnistettavia, suunnittelijat saivat melko vapaat k\u00e4det suunnitella omaleimaisia painokuvioita ja vaatemalleja. Armi Ratia ei kuitenkaan vain tyytynyt tuottamaan kankaita ja vaatteita, Ratian visioissa Marimekko oli el\u00e4m\u00e4ntapa.<\/p>\n<p>2000-luvulla Marimekon vanhat kuviot tulivat j\u00e4lleen suosituiksi. 1950\u20131970-luvuilta per\u00e4isin olevia kuvioita on muunneltu niin vaatetuskankaisiin kuin muihin tuotteisiin. Uudet suunnittelijat ovat tuoneet raikasta ilmett\u00e4 ja uusia n\u00e4kemyksi\u00e4 Marimekon tuotantoon. Marimekon nykyinen toimitusjohtaja Tiina Alhuhta-Kasko on m\u00e4\u00e4r\u00e4tietoisesti kansainv\u00e4list\u00e4nyt yrityst\u00e4 ja myym\u00e4l\u00e4verkostoa on laajennettu erityisesti Yhdysvalloissa ja Aasiassa.<\/p>\n<h3>N\u00c4YTTELYMATERIAALI:<\/h3>\n<p>N\u00e4yttely kattaa Marimekon 60-vuotisen historian eri vaiheet alkaen yrityksen perustamisesta kansainv\u00e4lisen suosion saavuttamiseen ja nykyisen uuden aikakauden luomiseen asti.<\/p>\n<ul>\n<li>Kangasn\u00e4ytteet (10 kpl, leveydet 140\u2013150 cm, pituudet 234\u2013490 cm, molemmissa p\u00e4iss\u00e4 painona puinen py\u00f6r\u00f6rima, jonka ymp\u00e4rille kangasta voi tarvittaessa kiert\u00e4\u00e4 lyhyemm\u00e4ksi)\u00a0<\/li>\n<li>Teksti-kuvatulosteet (7 kpl)<\/li>\n<li>2 sermi\u00e4 (kangasn\u00e4ytteet)<\/li>\n<li>Vaaten\u00e4ytteet (<em>Jokapoika<\/em>-paidat, 2 kpl)<\/li>\n<\/ul>\n<p><strong>9 KANGASTA:<\/strong><\/p>\n<p>1. Maija Isola, Satula, 1960 (300 cm)<br \/>\n2. Maija Isola, Tantsu, 1960 (292cm)<br \/>\n3. Maija Isola, Unikko, 1964 (490 cm)<br \/>\n5. Maija Isola, Seireeni, 1964 (304 cm)<br \/>\n6. Maija Isola, Kaivo, 1964 (290 cm)<br \/>\n7. Maija Isola,\u00a0 Mansikkavuoret, 1969 (303 cm)<br \/>\n8. Katsuji Wakisaka, Karuselli, 1973 (370 cm)<br \/>\n9. Maija Louekari, Ho hoi, 2004 (234 cm)<br \/>\n10. Anna-Maija Metsola, M\u00f6kki, 2006 (292 cm)<\/p>\n<p>Ripustusohje:<\/p>\n<ul>\n<li>kankaat rullattuina omien ripustuskeppiens\u00e4 ymp\u00e4rille<\/li>\n<li>ripustuskeppien molemmissa p\u00e4iss\u00e4 silmukkaruuvit, joista kankaan voi ripustaa<\/li>\n<li>keppien pituus 143\u2013153 cm<\/li>\n<li>kiinnitys sein\u00e4\u00e4n: l-koukulla suoraan sein\u00e4\u00e4n<\/li>\n<li>kiinnitys katosta: siimalla tai rautalangalla<\/li>\n<li>jos kangas on liian korkea tilaan, voi kangasta rullata ripustuskepin ymp\u00e4rille ja ty\u00f6nt\u00e4\u00e4 l\u00e4pi nuppineuloja<\/li>\n<li>kankaita ei tarvitse ripustaa sein\u00e4\u00e4 vasten, niit\u00e4 voi my\u00f6s ripustaa keskelle tilaa suoraan katosta<\/li>\n<li>alareunassa keppi (py\u00f6r\u00f6rima) painona<\/li>\n<li>jos kaikki kankaat eiv\u00e4t mahdu tilaan, osan voi j\u00e4tt\u00e4\u00e4 pois<\/li>\n<\/ul>\n<p><strong>7 TEKSTI-KUVATULOSTETTA (<\/strong><strong>90 x 120 cm)<\/strong><\/p>\n<p>Ripustusohje:<\/p>\n<ul>\n<li>kankaat rullattuina omien ripustuskeppiens\u00e4 ymp\u00e4rille<\/li>\n<li>ripustuskeppien molemmissa p\u00e4iss\u00e4 silmukkaruuvit, joista kankaan voi ripustaa<\/li>\n<li>keppien pituus 90 cm<\/li>\n<li>kiinnitys sein\u00e4\u00e4n: l-koukulla suoraan sein\u00e4\u00e4n<\/li>\n<\/ul>\n<p><strong>2 SERMI\u00c4 (67 x 220 cm)\u00a0<\/strong>laitettavaksi esille lattialle tai p\u00f6yd\u00e4lle<\/p>\n<div class=\"gallery_container\"><div style=\"background-image: url(https:\/\/finst.ee\/wp-content\/uploads\/2013\/04\/IMG_1440-700x467.jpg)\"><img decoding=\"async\" alt=\"Gallery\" src=\"https:\/\/finst.ee\/wp-content\/uploads\/2013\/04\/IMG_1440-700x467.jpg\" \/><\/div><div style=\"background-image: url(https:\/\/finst.ee\/wp-content\/uploads\/2013\/04\/IMG_1439-700x467.jpg)\"><img decoding=\"async\" alt=\"Gallery\" src=\"https:\/\/finst.ee\/wp-content\/uploads\/2013\/04\/IMG_1439-700x467.jpg\" \/><\/div><\/div>\n<p>&nbsp;<\/p>\n<p>Kysyy lis\u00e4\u00e4: <em><a href=\"mailto:tartu@finst.ee\">anneli.loodus@finst.ee <\/a>v\u00f5i telefonil +372\u00a0<span class=\"ui-provider ee ayz aza azb azc azd aze azf azg azh azi azj azk azl azm azn azo azp azq azr azs azt azu azv azw azx azy azz baa bab bac bae baf bag bah\" dir=\"ltr\">742 7319<\/span><\/em><\/p>\n<div class=\"gray-block\">\n<h3>\u00a0<\/h3>\n<\/div>\n","protected":false},"excerpt":{"rendered":"Tunnetun suomalaisen tekstiilialan br\u00e4ndin Marimekon n\u00e4yttely esittelee yrityksen monipuolista tuotantoa ja luo my\u00f6s katsauksen yrityksen v\u00e4rikk\u00e4\u00e4seen historiaan. Marimekko on kansainv\u00e4lisesti tunnettu suomalainen tekstiilialan yritys, jonka perusti Armi Ratia vuonna 1951. H\u00e4n oli yksi ensimm\u00e4isist\u00e4 naisjohtajista Suomessa. Ratia oli koulutukseltaan tekstiilitaiteilija, ja h\u00e4n ker\u00e4si\u00a0 ymp\u00e4rilleen luovia ja ennakkoluulottomia suunnittelijoita: Vuokko Nurmesniemi tuli Marimekkoon vuonna 195 ja [&hellip;]","protected":false},"author":2,"featured_media":30003,"parent":324,"menu_order":3,"comment_status":"closed","ping_status":"closed","template":"","meta":{"_acf_changed":false,"inline_featured_image":false,"footnotes":""},"tags":[],"class_list":["post-4735","page","type-page","status-publish","has-post-thumbnail","hentry"],"acf":{"related_events":[5827],"exclude_page_from_page_listings":false,"meta_description":"","title":"Marimekko \u2013 suomalainen design-klassikko","image":27680,"programs":false},"_links":{"self":[{"href":"https:\/\/finst.ee\/fi\/wp-json\/wp\/v2\/pages\/4735","targetHints":{"allow":["GET"]}}],"collection":[{"href":"https:\/\/finst.ee\/fi\/wp-json\/wp\/v2\/pages"}],"about":[{"href":"https:\/\/finst.ee\/fi\/wp-json\/wp\/v2\/types\/page"}],"author":[{"embeddable":true,"href":"https:\/\/finst.ee\/fi\/wp-json\/wp\/v2\/users\/2"}],"replies":[{"embeddable":true,"href":"https:\/\/finst.ee\/fi\/wp-json\/wp\/v2\/comments?post=4735"}],"version-history":[{"count":10,"href":"https:\/\/finst.ee\/fi\/wp-json\/wp\/v2\/pages\/4735\/revisions"}],"predecessor-version":[{"id":40165,"href":"https:\/\/finst.ee\/fi\/wp-json\/wp\/v2\/pages\/4735\/revisions\/40165"}],"up":[{"embeddable":true,"href":"https:\/\/finst.ee\/fi\/wp-json\/wp\/v2\/pages\/324"}],"wp:featuredmedia":[{"embeddable":true,"href":"https:\/\/finst.ee\/fi\/wp-json\/wp\/v2\/media\/30003"}],"wp:attachment":[{"href":"https:\/\/finst.ee\/fi\/wp-json\/wp\/v2\/media?parent=4735"}],"wp:term":[{"taxonomy":"post_tag","embeddable":true,"href":"https:\/\/finst.ee\/fi\/wp-json\/wp\/v2\/tags?post=4735"}],"curies":[{"name":"wp","href":"https:\/\/api.w.org\/{rel}","templated":true}]}}