{"id":3926,"date":"2013-01-07T12:24:19","date_gmt":"2013-01-07T10:24:19","guid":{"rendered":"http:\/\/finst-ee.vserver.zonevs.eu\/?page_id=3926"},"modified":"2019-12-17T16:56:00","modified_gmt":"2019-12-17T14:56:00","slug":"aleksis-kiven-paiva","status":"publish","type":"page","link":"https:\/\/finst.ee\/fi\/ohjelmat\/kielenopetus-ja-koulutus\/aleksis-kiven-paiva\/","title":{"rendered":"Aleksis Kiven p\u00e4iv\u00e4"},"content":{"rendered":"<p>Suomen kielen opettajat ovat vuodesta 2001 alkaen j\u00e4rjest\u00e4neet yhteisi\u00e4 tapahtumia suomen kielen opettajille ja oppilaille. Tapahtumat j\u00e4rjestet\u00e4\u00e4n vierailuna eri kouluihin, joissa opetetaan suomea. Vierailut pidet\u00e4\u00e4n aina lokakuun alussa, sill\u00e4 10. lokakuuta vietet\u00e4\u00e4n Suomessa Aleksis Kiven p\u00e4iv\u00e4\u00e4. Is\u00e4nt\u00e4koulu j\u00e4rjest\u00e4\u00e4\u00a0perinteisesti osallistujille ohjelmaa ja ty\u00f6pajoja, joissa opitaan ja tehd\u00e4\u00e4n \u00a0yhdess\u00e4 jotain suomeen tai suomalaisuuteen liittyv\u00e4\u00e4.<\/p>\n<h4>Lue my\u00f6s:<\/h4>\n<ul>\n<li><a title=\"Aleksis Kivi \u2013 nelj\u00e4s veli ja suomalaisen kirjallisuuden rakentaja\" href=\"https:\/\/finst.ee\/fi\/uutiset\/aleksis-kivi-neljas-veli-ja-suomalaisen-kirjallisuuden-rakentaja\/\">Aleksis Kivi \u2013 nelj\u00e4s veli ja suomalaisen kirjallisuuden rakentaja<\/a><\/li>\n<li><a title=\"Aleksis Kiven p\u00e4iv\u00e4n tietovisa\" href=\"\/?p=9490\">Aleksis Kiven p\u00e4iv\u00e4n tietovisa<\/a><\/li>\n<\/ul>\n","protected":false},"excerpt":{"rendered":"Suomen kielen opettajat ovat vuodesta 2001 alkaen j\u00e4rjest\u00e4neet yhteisi\u00e4 tapahtumia suomen kielen opettajille ja oppilaille. Tapahtumat j\u00e4rjestet\u00e4\u00e4n vierailuna eri kouluihin, joissa opetetaan suomea. Vierailut pidet\u00e4\u00e4n aina lokakuun alussa, sill\u00e4 10. lokakuuta vietet\u00e4\u00e4n Suomessa Aleksis Kiven p\u00e4iv\u00e4\u00e4. Is\u00e4nt\u00e4koulu j\u00e4rjest\u00e4\u00e4\u00a0perinteisesti osallistujille ohjelmaa ja ty\u00f6pajoja, joissa opitaan ja tehd\u00e4\u00e4n \u00a0yhdess\u00e4 jotain suomeen tai suomalaisuuteen liittyv\u00e4\u00e4. Lue my\u00f6s: Aleksis [&hellip;]","protected":false},"author":2,"featured_media":0,"parent":23972,"menu_order":3,"comment_status":"closed","ping_status":"closed","template":"","meta":{"_acf_changed":false,"inline_featured_image":false,"footnotes":""},"tags":[],"class_list":["post-3926","page","type-page","status-publish","hentry"],"acf":{"exclude_page_from_page_listings":false,"meta_description":"","title":"Aleksis Kiven p\u00e4iv\u00e4","image":26142},"_links":{"self":[{"href":"https:\/\/finst.ee\/fi\/wp-json\/wp\/v2\/pages\/3926","targetHints":{"allow":["GET"]}}],"collection":[{"href":"https:\/\/finst.ee\/fi\/wp-json\/wp\/v2\/pages"}],"about":[{"href":"https:\/\/finst.ee\/fi\/wp-json\/wp\/v2\/types\/page"}],"author":[{"embeddable":true,"href":"https:\/\/finst.ee\/fi\/wp-json\/wp\/v2\/users\/2"}],"replies":[{"embeddable":true,"href":"https:\/\/finst.ee\/fi\/wp-json\/wp\/v2\/comments?post=3926"}],"version-history":[{"count":10,"href":"https:\/\/finst.ee\/fi\/wp-json\/wp\/v2\/pages\/3926\/revisions"}],"predecessor-version":[{"id":27040,"href":"https:\/\/finst.ee\/fi\/wp-json\/wp\/v2\/pages\/3926\/revisions\/27040"}],"up":[{"embeddable":true,"href":"https:\/\/finst.ee\/fi\/wp-json\/wp\/v2\/pages\/23972"}],"wp:attachment":[{"href":"https:\/\/finst.ee\/fi\/wp-json\/wp\/v2\/media?parent=3926"}],"wp:term":[{"taxonomy":"post_tag","embeddable":true,"href":"https:\/\/finst.ee\/fi\/wp-json\/wp\/v2\/tags?post=3926"}],"curies":[{"name":"wp","href":"https:\/\/api.w.org\/{rel}","templated":true}]}}