{"id":345,"date":"2019-12-02T17:56:51","date_gmt":"2019-12-02T15:56:51","guid":{"rendered":"http:\/\/finst-ee.vserver.zonevs.eu\/?page_id=345"},"modified":"2026-01-24T12:20:34","modified_gmt":"2026-01-24T10:20:34","slug":"meista","status":"publish","type":"page","link":"https:\/\/finst.ee\/fi\/meista\/","title":{"rendered":"Meist\u00e4"},"content":{"rendered":"<p><strong>Suomen Viron-instituutti <\/strong>yll\u00e4pit\u00e4\u00e4 ja kehitt\u00e4\u00e4 suomalais-virolaista kulttuuriyhteisty\u00f6t\u00e4 sek\u00e4 vahvistaa Suomen ja Viron yhteyksi\u00e4 taiteen, koulutuksen ja yhteiskunnan eri aloilla. Instituutti seuraa my\u00f6s Viron yhteiskunnan kehityst\u00e4 ja osallistuu siihen ohjelmatoiminnallaan.\u00a0<\/p>\n<p>Instituutilla on tilat sek\u00e4 Tallinnassa ett\u00e4 Tartossa. Instituutti perustettiin vuonna 1991 ja se aloitti toimintansa nykyisess\u00e4 muodossaan vuonna 1994.<\/p>\n<p>Suomen <a href=\"http:\/\/instituutit.fi\/\">kulttuuri- ja tiedeinstituuttien verkostoon<\/a> kuuluu 17 eri puolilla maailmaa sijaitsevaa instituuttia, jotka edist\u00e4v\u00e4t suomalaisen taiteen, kulttuurin ja tieteen kansainv\u00e4list\u00e4 liikkuvuutta, n\u00e4kyvyytt\u00e4 ja yhteisty\u00f6t\u00e4. Instituuttien toimintaa tukee opetus- ja kulttuuriministeri\u00f6. Hankkeita rahoittavat my\u00f6s s\u00e4\u00e4ti\u00f6t, yritykset ja yhteisty\u00f6kumppanit kohdemaassa.<\/p>\n","protected":false},"excerpt":{"rendered":"Suomen Viron-instituutti yll\u00e4pit\u00e4\u00e4 ja kehitt\u00e4\u00e4 suomalais-virolaista kulttuuriyhteisty\u00f6t\u00e4 sek\u00e4 vahvistaa Suomen ja Viron yhteyksi\u00e4 taiteen, koulutuksen ja yhteiskunnan eri aloilla. Instituutti seuraa my\u00f6s Viron yhteiskunnan kehityst\u00e4 ja osallistuu siihen ohjelmatoiminnallaan.\u00a0 Instituutilla on tilat sek\u00e4 Tallinnassa ett\u00e4 Tartossa. Instituutti perustettiin vuonna 1991 ja se aloitti toimintansa nykyisess\u00e4 muodossaan vuonna 1994. Suomen kulttuuri- ja tiedeinstituuttien verkostoon kuuluu 17 [&hellip;]","protected":false},"author":2,"featured_media":0,"parent":0,"menu_order":43,"comment_status":"closed","ping_status":"closed","template":"page-templates\/template-about.php","meta":{"_acf_changed":false,"inline_featured_image":false,"footnotes":""},"tags":[],"class_list":["post-345","page","type-page","status-publish","hentry"],"acf":{"exclude_page_from_page_listings":false,"meta_description":"Suomen Viron-instituutti yll\u00e4pit\u00e4\u00e4 ja kehitt\u00e4\u00e4 suomalais-virolaista kulttuuriyhteisty\u00f6t\u00e4 sek\u00e4 vahvistaa Suomen ja Viron yhteyksi\u00e4 taiteen, koulutuksen ja yhteiskunnan eri aloilla.\u00a0  Suomen Viron-instituutti seuraa Viron yhteiskunnan kehityst\u00e4 ja osal","title":"Suomen Viron -instituutti","about_us_text_blocks":[{"title":"Tallinna","text":"<p><a title=\"\" href=\"https:\/\/goo.gl\/maps\/U8tfftTsVuihbVsn8\" target=\"_blank\" rel=\"noopener\">Marati 5-2<\/a>, <span class=\"ui-provider ec btq btr bts btt btu btv btw btx bty btz bua bub buc bud bue buf bug buh bui buj buk bul bum bun buo bup buq bur bus but buu buv buw bux\" dir=\"ltr\">11712<\/span><\/p>\n<p>P\u00f5hjala tehdas, keskell\u00e4 sis\u00e4katua<br \/>\nKompressorijaam-in<\/p>\n<p>2. kerros<br \/>\n<a href=\"mailto:tallinn@finst.ee\">tallinn@finst.ee<\/a><\/p>\n"},{"title":"Tartto","text":"<p><strong>Jaani tn 4, 51007<\/strong><br \/>\nTartu<br \/>\n<a title=\"\" href=\"mailto:tartu@finst.ee\" target=\"_blank\" rel=\"noopener\">tartu@finst.ee<\/a><\/p>\n"},{"title":"Rekisteritiedot:","text":"<p>Suomen Viron-instituutin s\u00e4\u00e4ti\u00f6<br \/>\nY-tunnus: 1061035-5<br \/>\nEi ALV:n velvollinen<\/p>\n"}],"image":26376},"_links":{"self":[{"href":"https:\/\/finst.ee\/fi\/wp-json\/wp\/v2\/pages\/345","targetHints":{"allow":["GET"]}}],"collection":[{"href":"https:\/\/finst.ee\/fi\/wp-json\/wp\/v2\/pages"}],"about":[{"href":"https:\/\/finst.ee\/fi\/wp-json\/wp\/v2\/types\/page"}],"author":[{"embeddable":true,"href":"https:\/\/finst.ee\/fi\/wp-json\/wp\/v2\/users\/2"}],"replies":[{"embeddable":true,"href":"https:\/\/finst.ee\/fi\/wp-json\/wp\/v2\/comments?post=345"}],"version-history":[{"count":12,"href":"https:\/\/finst.ee\/fi\/wp-json\/wp\/v2\/pages\/345\/revisions"}],"predecessor-version":[{"id":45695,"href":"https:\/\/finst.ee\/fi\/wp-json\/wp\/v2\/pages\/345\/revisions\/45695"}],"wp:attachment":[{"href":"https:\/\/finst.ee\/fi\/wp-json\/wp\/v2\/media?parent=345"}],"wp:term":[{"taxonomy":"post_tag","embeddable":true,"href":"https:\/\/finst.ee\/fi\/wp-json\/wp\/v2\/tags?post=345"}],"curies":[{"name":"wp","href":"https:\/\/api.w.org\/{rel}","templated":true}]}}