{"id":34084,"date":"2021-10-27T11:54:00","date_gmt":"2021-10-27T08:54:00","guid":{"rendered":"https:\/\/finst.ee\/?page_id=34084"},"modified":"2021-10-27T12:01:11","modified_gmt":"2021-10-27T09:01:11","slug":"mirkku-kullberg","status":"publish","type":"page","link":"https:\/\/finst.ee\/fi\/30-vuotta\/finst30-konverents\/esiintyjat\/mirkku-kullberg\/","title":{"rendered":"Mirkku Kullberg"},"content":{"rendered":"<h2 aria-level=\"2\"><span data-contrast=\"none\">MIRKKU KULLBERG<img loading=\"lazy\" decoding=\"async\" class=\"alignright wp-image-33952 size-medium\" src=\"https:\/\/finst.ee\/wp-content\/uploads\/2021\/10\/gh-founder-ceo-mirkku-kullberg-4-600x900.jpg\" alt=\"\" width=\"180\" height=\"270\" srcset=\"https:\/\/finst.ee\/wp-content\/uploads\/2021\/10\/gh-founder-ceo-mirkku-kullberg-4-600x900.jpg 600w, https:\/\/finst.ee\/wp-content\/uploads\/2021\/10\/gh-founder-ceo-mirkku-kullberg-4-700x1050.jpg 700w, https:\/\/finst.ee\/wp-content\/uploads\/2021\/10\/gh-founder-ceo-mirkku-kullberg-4-768x1152.jpg 768w, https:\/\/finst.ee\/wp-content\/uploads\/2021\/10\/gh-founder-ceo-mirkku-kullberg-4-1024x1536.jpg 1024w, https:\/\/finst.ee\/wp-content\/uploads\/2021\/10\/gh-founder-ceo-mirkku-kullberg-4-1365x2048.jpg 1365w, https:\/\/finst.ee\/wp-content\/uploads\/2021\/10\/gh-founder-ceo-mirkku-kullberg-4-120x180.jpg 120w, https:\/\/finst.ee\/wp-content\/uploads\/2021\/10\/gh-founder-ceo-mirkku-kullberg-4-300x450.jpg 300w, https:\/\/finst.ee\/wp-content\/uploads\/2021\/10\/gh-founder-ceo-mirkku-kullberg-4-263x394.jpg 263w, https:\/\/finst.ee\/wp-content\/uploads\/2021\/10\/gh-founder-ceo-mirkku-kullberg-4-89x134.jpg 89w, https:\/\/finst.ee\/wp-content\/uploads\/2021\/10\/gh-founder-ceo-mirkku-kullberg-4-200x300.jpg 200w, https:\/\/finst.ee\/wp-content\/uploads\/2021\/10\/gh-founder-ceo-mirkku-kullberg-4-131x197.jpg 131w, https:\/\/finst.ee\/wp-content\/uploads\/2021\/10\/gh-founder-ceo-mirkku-kullberg-4-scaled.jpg 1707w\" sizes=\"auto, (max-width: 180px) 100vw, 180px\" \/><\/span><\/h2>\n<h3><span data-contrast=\"none\">GLASSHOUSE HELSINGIN (KEST\u00c4V\u00c4N KEHITYKSEN LIFESTYLE-KOHTAUSPAIKKA, KAUPPA JA GALLERIA) PERUSTAJA JA TOIMINNANJOHTAJA <\/span><\/h3>\n<p><span data-contrast=\"none\">Mirkku Kullberg on johtaja ja vision\u00e4\u00e4ri, jonka liiketoiminta\u00a0on ylirajaista.\u00a0H\u00e4n on luova johtaja,\u00a0jolla on pitk\u00e4 kokemus\u00a0maineen rakentamisesta,\u00a0johtamisen uudistamisesta\u00a0ja kest\u00e4vien\u00a0liiketoimintamallien kehittelyst\u00e4.\u00a0Mirkku Kullberg\u00a0on\u00a0etev\u00e4 ja ter\u00e4v\u00e4\u00a0skandinaavisen muotoilun\u00a0puolestapuhuja\u00a0ja\u00a0aina\u00a0odotettu\u00a0esiintyj\u00e4\u00a0siell\u00e4,\u00a0miss\u00e4\u00a0teemana on tulevaisuuden liiketoimintamallit ja\u00a0kest\u00e4v\u00e4 el\u00e4m\u00e4ntyyli.\u00a0<\/span><span data-ccp-props=\"{&quot;134233117&quot;:true,&quot;134233118&quot;:true,&quot;201341983&quot;:2,&quot;335559740&quot;:420}\">\u00a0<\/span><\/p>\n<p><span data-contrast=\"none\">Glasshouse\u00a0Helsinki syntyi ajatuksesta yhdist\u00e4\u00e4 taide, muotoilu ja muoti\u00a0teollisuusinnovaatioihin.\u00a0Glasshouse\u00a0Helsingin filosofia\u00a0perustuu\u00a0kest\u00e4v\u00e4n kasvun periaatteisiin. Niiden\u00a0mukaan jokainen on\u00a0vastuussa yhteisest\u00e4 tulevaisuudestamme. Eritaustaisten\u00a0ja eri alojen\u00a0toimijoiden\u00a0yhteen saattamisesta\u00a0syntyy inspiroivaa yhteisty\u00f6t\u00e4 ja uusia,\u00a0kiehtovia\u00a0tulevaisuusvisioita.<\/span><span data-ccp-props=\"{&quot;134233117&quot;:true,&quot;134233118&quot;:true,&quot;201341983&quot;:2,&quot;335559740&quot;:420}\">\u00a0<\/span><\/p>\n<p><span data-contrast=\"none\">Tieteen, taiteen, muotoilun ja liiketoiminnan\u00a0on aika kohdata, jotta syntyisi\u00a0uusia tulkintoja\u00a0todellisuudestamme.\u00a0<\/span><span data-ccp-props=\"{&quot;134233117&quot;:true,&quot;134233118&quot;:true,&quot;201341983&quot;:2,&quot;335559740&quot;:420}\">\u00a0<\/span><\/p>\n<p><span data-contrast=\"none\">Kev\u00e4\u00e4ll\u00e4 2021\u00a0Glasshouse\u00a0Helsinki avasi\u00a0Aleksis Kiven kadulla\u00a0Helsingiss\u00e4\u00a0kest\u00e4v\u00e4\u00e4 muotia ja muotoilua myyv\u00e4n\u00a0<\/span><i><span data-contrast=\"none\">lifestyle<\/span><\/i><span data-contrast=\"none\">-kaupan. Samassa talossa\u00a0sijaitseva\u00a0galleria\u00a0esittelee\u00a0taidetta,\u00a0design-tuotteita,\u00a0uusia l\u00e4hestymistapoja, innovaatioita\u00a0ja kest\u00e4v\u00e4n kehityksen filosofiaan perustuvia\u00a0tapahtumia.<\/span><span data-ccp-props=\"{&quot;134233117&quot;:true,&quot;134233118&quot;:true,&quot;201341983&quot;:2,&quot;335559740&quot;:420}\">\u00a0<\/span><\/p>\n","protected":false},"excerpt":{"rendered":"MIRKKU KULLBERG GLASSHOUSE HELSINGIN (KEST\u00c4V\u00c4N KEHITYKSEN LIFESTYLE-KOHTAUSPAIKKA, KAUPPA JA GALLERIA) PERUSTAJA JA TOIMINNANJOHTAJA Mirkku Kullberg on johtaja ja vision\u00e4\u00e4ri, jonka liiketoiminta\u00a0on ylirajaista.\u00a0H\u00e4n on luova johtaja,\u00a0jolla on pitk\u00e4 kokemus\u00a0maineen rakentamisesta,\u00a0johtamisen uudistamisesta\u00a0ja kest\u00e4vien\u00a0liiketoimintamallien kehittelyst\u00e4.\u00a0Mirkku Kullberg\u00a0on\u00a0etev\u00e4 ja ter\u00e4v\u00e4\u00a0skandinaavisen muotoilun\u00a0puolestapuhuja\u00a0ja\u00a0aina\u00a0odotettu\u00a0esiintyj\u00e4\u00a0siell\u00e4,\u00a0miss\u00e4\u00a0teemana on tulevaisuuden liiketoimintamallit ja\u00a0kest\u00e4v\u00e4 el\u00e4m\u00e4ntyyli.\u00a0\u00a0 Glasshouse\u00a0Helsinki syntyi ajatuksesta yhdist\u00e4\u00e4 taide, muotoilu ja muoti\u00a0teollisuusinnovaatioihin.\u00a0Glasshouse\u00a0Helsingin filosofia\u00a0perustuu\u00a0kest\u00e4v\u00e4n kasvun periaatteisiin. Niiden\u00a0mukaan jokainen on\u00a0vastuussa [&hellip;]","protected":false},"author":44,"featured_media":0,"parent":34061,"menu_order":0,"comment_status":"closed","ping_status":"closed","template":"","meta":{"_acf_changed":false,"inline_featured_image":false,"footnotes":""},"tags":[],"class_list":["post-34084","page","type-page","status-publish","hentry"],"acf":{"exclude_page_from_page_listings":false,"image":false,"title":"","programs":false,"meta_description":""},"_links":{"self":[{"href":"https:\/\/finst.ee\/fi\/wp-json\/wp\/v2\/pages\/34084","targetHints":{"allow":["GET"]}}],"collection":[{"href":"https:\/\/finst.ee\/fi\/wp-json\/wp\/v2\/pages"}],"about":[{"href":"https:\/\/finst.ee\/fi\/wp-json\/wp\/v2\/types\/page"}],"author":[{"embeddable":true,"href":"https:\/\/finst.ee\/fi\/wp-json\/wp\/v2\/users\/44"}],"replies":[{"embeddable":true,"href":"https:\/\/finst.ee\/fi\/wp-json\/wp\/v2\/comments?post=34084"}],"version-history":[{"count":8,"href":"https:\/\/finst.ee\/fi\/wp-json\/wp\/v2\/pages\/34084\/revisions"}],"predecessor-version":[{"id":34093,"href":"https:\/\/finst.ee\/fi\/wp-json\/wp\/v2\/pages\/34084\/revisions\/34093"}],"up":[{"embeddable":true,"href":"https:\/\/finst.ee\/fi\/wp-json\/wp\/v2\/pages\/34061"}],"wp:attachment":[{"href":"https:\/\/finst.ee\/fi\/wp-json\/wp\/v2\/media?parent=34084"}],"wp:term":[{"taxonomy":"post_tag","embeddable":true,"href":"https:\/\/finst.ee\/fi\/wp-json\/wp\/v2\/tags?post=34084"}],"curies":[{"name":"wp","href":"https:\/\/api.w.org\/{rel}","templated":true}]}}