{"id":23972,"date":"2019-12-04T17:49:41","date_gmt":"2019-12-04T15:49:41","guid":{"rendered":"http:\/\/finst-ee.vserver.zonevs.eu\/?page_id=23972"},"modified":"2020-11-12T12:52:21","modified_gmt":"2020-11-12T10:52:21","slug":"kielenopetus-ja-koulutus","status":"publish","type":"page","link":"https:\/\/finst.ee\/fi\/ohjelmat\/kielenopetus-ja-koulutus\/","title":{"rendered":"Kielenopetus ja koulutus"},"content":{"rendered":"<p>Suomen kielen ja kulttuurin opetuksen tukeminen Viron kouluissa on meille t\u00e4rke\u00e4\u00e4. Viron peruskouluissa ja lukioissa suomea\u00a0opiskelee l\u00e4hes 1 500 oppilasta. Heist\u00e4 noin 500 opiskelee suomea toisena vieraana kielen\u00e4. Suomea opetetaan toisena, kolmantena tai nelj\u00e4nten\u00e4 vieraana kielen\u00e4 yhteens\u00e4 noin 40 Viron koulussa. Suomea on lis\u00e4ksi mahdollista opiskella ammattikouluissa, Tallinnan ja Tarton yliopistoissa sek\u00e4 monissa\u00a0<a title=\"\" href=\"https:\/\/finst.ee\/fi\/ohjelmat\/kielenopetus-ja-koulutus\/suomen-kielen-kursseja\/\">kielikouluissa<\/a> ymp\u00e4ri Viroa. Instituutti tukee erityisesti kouluja, joissa suomea opetetaan toisena vieraana kielen\u00e4.<\/p>\n<p>Perinteeksi ovat muodostuneet:<\/p>\n<ul>\n<li>jokavuotiset <strong>suomen kielen opettajien seminaarit<\/strong><\/li>\n<li>kev\u00e4inen <strong>Agricola-kielikilpailu<\/strong><\/li>\n<li><strong>Aleksis Kiven p\u00e4iv\u00e4n juhlistaminen<\/strong> virolaisissa l<span class=\"text_exposed_show\">ukioissa<\/span><\/li>\n<li><span class=\"text_exposed_show\"><strong>vuoden suomen kielen opettajan<\/strong> valinta vuosittain yhdess\u00e4 Suomen suurl\u00e4hetyst\u00f6n sek\u00e4 Viron suomen kielen opettajien yhdistyksen kanssa<\/span><\/li>\n<\/ul>\n<p>Opettajilla on merkitt\u00e4v\u00e4 rooli suomen kielen ja kulttuurin tunnetuksi tekemisess\u00e4 Virossa. Instituutti on <a title=\"Oppimateriaalit virolaisille kouluille\" href=\"https:\/\/finst.ee\/fi\/ohjelmat\/kielenopetus-ja-koulutus\/oppimateriaalit-virolaisille-kouluille\/\">tuottanut ja koonnut opettajien tueksi opetusmateriaalia<\/a>.<\/p>\n<p>Suomen kielen opettajilla on oma s\u00e4hk\u00f6postilista, joka on tarkoitettu niin tiedon jakamiseen kuin opettajien v\u00e4liseen keskusteluun. Listalle voi liitty\u00e4 kirjoittamalla s\u00e4hk\u00f6postia:\u00a0<em>tallinn@finst.ee<\/em><\/p>\n","protected":false},"excerpt":{"rendered":"Suomen kielen ja kulttuurin opetuksen tukeminen Viron kouluissa on meille t\u00e4rke\u00e4\u00e4. Viron peruskouluissa ja lukioissa suomea\u00a0opiskelee l\u00e4hes 1 500 oppilasta. Heist\u00e4 noin 500 opiskelee suomea toisena vieraana kielen\u00e4. Suomea opetetaan toisena, kolmantena tai nelj\u00e4nten\u00e4 vieraana kielen\u00e4 yhteens\u00e4 noin 40 Viron koulussa. Suomea on lis\u00e4ksi mahdollista opiskella ammattikouluissa, Tallinnan ja Tarton yliopistoissa sek\u00e4 monissa\u00a0kielikouluissa ymp\u00e4ri Viroa. [&hellip;]","protected":false},"author":2,"featured_media":0,"parent":23849,"menu_order":0,"comment_status":"closed","ping_status":"closed","template":"page-templates\/template-fullwidth.php","meta":{"_acf_changed":false,"inline_featured_image":false,"footnotes":""},"tags":[361,359],"class_list":["post-23972","page","type-page","status-publish","hentry","tag-haridus-fi","tag-kogemus-fi"],"acf":{"exclude_page_from_page_listings":false,"image":30909,"title":"Kielenopetus ja koulutus","meta_description":"","subpages_intro_text":"","programs":false},"_links":{"self":[{"href":"https:\/\/finst.ee\/fi\/wp-json\/wp\/v2\/pages\/23972","targetHints":{"allow":["GET"]}}],"collection":[{"href":"https:\/\/finst.ee\/fi\/wp-json\/wp\/v2\/pages"}],"about":[{"href":"https:\/\/finst.ee\/fi\/wp-json\/wp\/v2\/types\/page"}],"author":[{"embeddable":true,"href":"https:\/\/finst.ee\/fi\/wp-json\/wp\/v2\/users\/2"}],"replies":[{"embeddable":true,"href":"https:\/\/finst.ee\/fi\/wp-json\/wp\/v2\/comments?post=23972"}],"version-history":[{"count":10,"href":"https:\/\/finst.ee\/fi\/wp-json\/wp\/v2\/pages\/23972\/revisions"}],"predecessor-version":[{"id":31129,"href":"https:\/\/finst.ee\/fi\/wp-json\/wp\/v2\/pages\/23972\/revisions\/31129"}],"up":[{"embeddable":true,"href":"https:\/\/finst.ee\/fi\/wp-json\/wp\/v2\/pages\/23849"}],"wp:attachment":[{"href":"https:\/\/finst.ee\/fi\/wp-json\/wp\/v2\/media?parent=23972"}],"wp:term":[{"taxonomy":"post_tag","embeddable":true,"href":"https:\/\/finst.ee\/fi\/wp-json\/wp\/v2\/tags?post=23972"}],"curies":[{"name":"wp","href":"https:\/\/api.w.org\/{rel}","templated":true}]}}