{"id":23852,"date":"2019-12-03T21:10:54","date_gmt":"2019-12-03T19:10:54","guid":{"rendered":"http:\/\/finst-ee.vserver.zonevs.eu\/?page_id=23852"},"modified":"2022-06-17T13:57:11","modified_gmt":"2022-06-17T10:57:11","slug":"juuri-nyt","status":"publish","type":"page","link":"https:\/\/finst.ee\/fi\/juuri-nyt\/","title":{"rendered":"Juuri nyt"},"content":{"rendered":"<p class=\"lead\">T\u00e4\u00e4lt\u00e4 l\u00f6yd\u00e4t tapahtumiimme liittyvi\u00e4 uutisia, taustoja sek\u00e4 tietoa muista ajankohtaisista asioista. Julkaisemme my\u00f6s puheita sek\u00e4 haastatteluja kiinnostavista ja innostavista suomalais-virolaiseen yhteisty\u00f6n liittyvist\u00e4 henkil\u00f6ist\u00e4.<\/p>\n","protected":false},"excerpt":{"rendered":"T\u00e4\u00e4lt\u00e4 l\u00f6yd\u00e4t tapahtumiimme liittyvi\u00e4 uutisia, taustoja sek\u00e4 tietoa muista ajankohtaisista asioista. Julkaisemme my\u00f6s puheita sek\u00e4 haastatteluja kiinnostavista ja innostavista suomalais-virolaiseen yhteisty\u00f6n liittyvist\u00e4 henkil\u00f6ist\u00e4.","protected":false},"author":2,"featured_media":0,"parent":0,"menu_order":10,"comment_status":"closed","ping_status":"closed","template":"page-templates\/template-onair.php","meta":{"_acf_changed":false,"inline_featured_image":false,"footnotes":""},"tags":[],"class_list":["post-23852","page","type-page","status-publish","hentry"],"acf":{"exclude_page_from_page_listings":false,"image":35173,"title":"Juuri nyt","meta_description":""},"_links":{"self":[{"href":"https:\/\/finst.ee\/fi\/wp-json\/wp\/v2\/pages\/23852","targetHints":{"allow":["GET"]}}],"collection":[{"href":"https:\/\/finst.ee\/fi\/wp-json\/wp\/v2\/pages"}],"about":[{"href":"https:\/\/finst.ee\/fi\/wp-json\/wp\/v2\/types\/page"}],"author":[{"embeddable":true,"href":"https:\/\/finst.ee\/fi\/wp-json\/wp\/v2\/users\/2"}],"replies":[{"embeddable":true,"href":"https:\/\/finst.ee\/fi\/wp-json\/wp\/v2\/comments?post=23852"}],"version-history":[{"count":10,"href":"https:\/\/finst.ee\/fi\/wp-json\/wp\/v2\/pages\/23852\/revisions"}],"predecessor-version":[{"id":35949,"href":"https:\/\/finst.ee\/fi\/wp-json\/wp\/v2\/pages\/23852\/revisions\/35949"}],"wp:attachment":[{"href":"https:\/\/finst.ee\/fi\/wp-json\/wp\/v2\/media?parent=23852"}],"wp:term":[{"taxonomy":"post_tag","embeddable":true,"href":"https:\/\/finst.ee\/fi\/wp-json\/wp\/v2\/tags?post=23852"}],"curies":[{"name":"wp","href":"https:\/\/api.w.org\/{rel}","templated":true}]}}