{"id":17180,"date":"2019-12-02T09:37:01","date_gmt":"2019-12-02T07:37:01","guid":{"rendered":"http:\/\/finst-ee.vserver.zonevs.eu\/kieli\/oppimateriaalit-ja-opiskelu\/uued-oppematerjalid-eesti-koolidele\/"},"modified":"2026-03-04T17:37:46","modified_gmt":"2026-03-04T15:37:46","slug":"oppimateriaalit-virolaisille-kouluille","status":"publish","type":"page","link":"https:\/\/finst.ee\/fi\/ohjelmat\/kielenopetus-ja-koulutus\/oppimateriaalit-virolaisille-kouluille\/","title":{"rendered":"Oppimateriaalit virolaisille kouluille"},"content":{"rendered":"<p>Suomen Viron-instituutti on julkaissut suomen kielen opetusmateriaaleja, jotka on suunnattu suomea toisena vieraana kielen\u00e4 opiskeleville 6.\u20139.-luokkalaisille. Materiaali soveltuu kuitenkin kaikenik\u00e4isille suomen kielen alkeista kiinnostuneille.<\/p>\n<p>Materiaali koostuu ty\u00f6vihkoista ja opettajan kansiosta ja ne ovat linjassa virolaisen opetussuunnitelman kanssa. Oppimateriaalin ovat tehneet suomen kielen opettaja, erityispedagogi <strong>Kristel Maltis<\/strong>, suomen kielen lehtori <strong>Madean Altsoo<\/strong> sek\u00e4 Helsingin yliopiston yliopistonlehtori <strong>Satu Gr\u00fcnthal<\/strong>.\u00a0Kuvitus <strong>Karin Ojaste<\/strong>, ulkoasu <strong>Katri Karing<\/strong>.<\/p>\n<p><strong>Tilaukset ja kysymykset:<\/strong> tartu(at)finst.ee<\/p>\n<ul>\n<li>\n<p>Ty\u00f6vihkojen hinta on 1,50 \u20ac \/ kpl.<\/p>\n<\/li>\n<li>\n<p>Opettajan kansion hinta on 10 \u20ac \/ kpl.<\/p>\n<\/li>\n<\/ul>\n<p>L\u00e4het\u00e4mme tilaukset postitse, my\u00f6s nouto Tarton-toimistoltamme (Jaani 4) on sovittavissa. Postittaessa laskutamme postikuluista , joko 6 euroa (tilauksessa enint\u00e4\u00e4n 20 ty\u00f6vihkoa) tai 10 euroa (tilauksessa yli 20 ty\u00f6vihkoa).<\/p>\n<p>Ilmoittakaa tilauksessanne tilaajan koulu, maksajan tiedot, postiosoite\/pakettiautomaatti, yhteyshenkil\u00f6n puhelinnumero ja nimi. Laskun l\u00e4het\u00e4mme l\u00e4ht\u00f6kohtaisesti pdf-laskuna. Mik\u00e4li haluatte verkkolaskun, ilmoittakaa asia tilauksessa ja lis\u00e4tk\u00e4\u00e4 maksajan tiedot (koulu, kunta, \u2026).<\/p>\n<p>Ty\u00f6vihkot l\u00f6ytyv\u00e4t my\u00f6s\u00a0<a href=\"http:\/\/www.keelesild.ee\/fi\/oppimateriaalit\">verkosta<\/a>, mutta opettajan kansio tulee tilata erikseen.\u00a0<\/p>\n<p><strong>KATSO MY\u00d6S:<\/strong><\/p>\n<p><a href=\"https:\/\/keelesild.ee\/images\/HyvaParempiParas_web.pdf\">S\u00e4hk\u00f6inen Hyv\u00e4 parempi paras \u2013 oppimateriaali (linkki)<\/a>.<\/p>\n<hr \/>\n<p><em>Tukijat: Jenny ja Antti Wihurin rahasto, Suomen opetus- ja kulttuuriministeri\u00f6 ja Viron opetus- ja tiedeministeri\u00f6.<\/em><\/p>\n","protected":false},"excerpt":{"rendered":"Suomen Viron-instituutti on julkaissut suomen kielen opetusmateriaaleja, jotka on suunnattu suomea toisena vieraana kielen\u00e4 opiskeleville 6.\u20139.-luokkalaisille. Materiaali soveltuu kuitenkin kaikenik\u00e4isille suomen kielen alkeista kiinnostuneille. Materiaali koostuu ty\u00f6vihkoista ja opettajan kansiosta ja ne ovat linjassa virolaisen opetussuunnitelman kanssa. Oppimateriaalin ovat tehneet suomen kielen opettaja, erityispedagogi Kristel Maltis, suomen kielen lehtori Madean Altsoo sek\u00e4 Helsingin yliopiston yliopistonlehtori [&hellip;]","protected":false},"author":2,"featured_media":0,"parent":23972,"menu_order":3,"comment_status":"closed","ping_status":"closed","template":"page-templates\/template-subpages.php","meta":{"_acf_changed":false,"inline_featured_image":false,"footnotes":""},"tags":[276,387],"class_list":["post-17180","page","type-page","status-publish","hentry","tag-kielenopetus","tag-soome-keel-fi"],"acf":{"exclude_page_from_page_listings":false,"meta_description":"","title":"Oppimateriaalit virolaisille kouluille","image":30995,"subpages_intro_text":""},"_links":{"self":[{"href":"https:\/\/finst.ee\/fi\/wp-json\/wp\/v2\/pages\/17180","targetHints":{"allow":["GET"]}}],"collection":[{"href":"https:\/\/finst.ee\/fi\/wp-json\/wp\/v2\/pages"}],"about":[{"href":"https:\/\/finst.ee\/fi\/wp-json\/wp\/v2\/types\/page"}],"author":[{"embeddable":true,"href":"https:\/\/finst.ee\/fi\/wp-json\/wp\/v2\/users\/2"}],"replies":[{"embeddable":true,"href":"https:\/\/finst.ee\/fi\/wp-json\/wp\/v2\/comments?post=17180"}],"version-history":[{"count":11,"href":"https:\/\/finst.ee\/fi\/wp-json\/wp\/v2\/pages\/17180\/revisions"}],"predecessor-version":[{"id":45898,"href":"https:\/\/finst.ee\/fi\/wp-json\/wp\/v2\/pages\/17180\/revisions\/45898"}],"up":[{"embeddable":true,"href":"https:\/\/finst.ee\/fi\/wp-json\/wp\/v2\/pages\/23972"}],"wp:attachment":[{"href":"https:\/\/finst.ee\/fi\/wp-json\/wp\/v2\/media?parent=17180"}],"wp:term":[{"taxonomy":"post_tag","embeddable":true,"href":"https:\/\/finst.ee\/fi\/wp-json\/wp\/v2\/tags?post=17180"}],"curies":[{"name":"wp","href":"https:\/\/api.w.org\/{rel}","templated":true}]}}