{"id":11557,"date":"2016-04-18T11:51:24","date_gmt":"2016-04-18T09:51:24","guid":{"rendered":"http:\/\/finst-ee.vserver.zonevs.eu\/fi\/nayttelyt\/eesti-soome-vestlusring-tallinnas\/"},"modified":"2019-12-17T16:53:26","modified_gmt":"2019-12-17T14:53:26","slug":"viro-suomi-keskustelupiiri-tallinnassa","status":"publish","type":"page","link":"https:\/\/finst.ee\/fi\/ohjelmat\/kielenopetus-ja-koulutus\/viro-suomi-keskustelupiiri-tallinnassa\/","title":{"rendered":"Suomenkielinen keskustelupiiri Tallinnassa"},"content":{"rendered":"<p><strong>Suomenkieliset keskustelupiirit kokoontuvat Tallinnassa. <\/p>\n<p><\/strong>Keskustelupiiriin ovat tervetulleita kaikki, jotka ovat kiinnostuneita keskustelemaan suomen kielell\u00e4! Keskustelemme jokap\u00e4iv\u00e4isist\u00e4 aiheista leppoisassa ja rennossa ilmapiiriss\u00e4. Maksuttomat keskustelupiirit j\u00e4rjestet\u00e4\u00e4n keskiviikkoisin kahden viikon v\u00e4lein klo 17.30 \u2013 19.00, Suomen Viron-instituutissa (Tallinn, Harju 1, toinen kerros).<\/p>\n<p>Kev\u00e4\u00e4n 2020 osalta kokoonnumme tammi-helmikuun vaihteesta alkaen.\u00a0<\/p>\n<p>Tervetuloa!<\/p>\n<p><img loading=\"lazy\" decoding=\"async\" class=\"alignnone size-full wp-image-21391\" src=\"https:\/\/finst.ee\/wp-content\/uploads\/2019\/09\/vestlusring-Tallinnas.jpg\" alt=\"\" width=\"960\" height=\"960\" srcset=\"https:\/\/finst.ee\/wp-content\/uploads\/2019\/09\/vestlusring-Tallinnas.jpg 960w, https:\/\/finst.ee\/wp-content\/uploads\/2019\/09\/vestlusring-Tallinnas-900x900.jpg 900w, https:\/\/finst.ee\/wp-content\/uploads\/2019\/09\/vestlusring-Tallinnas-700x700.jpg 700w, https:\/\/finst.ee\/wp-content\/uploads\/2019\/09\/vestlusring-Tallinnas-768x768.jpg 768w, https:\/\/finst.ee\/wp-content\/uploads\/2019\/09\/vestlusring-Tallinnas-120x120.jpg 120w, https:\/\/finst.ee\/wp-content\/uploads\/2019\/09\/vestlusring-Tallinnas-450x450.jpg 450w, https:\/\/finst.ee\/wp-content\/uploads\/2019\/09\/vestlusring-Tallinnas-394x394.jpg 394w, https:\/\/finst.ee\/wp-content\/uploads\/2019\/09\/vestlusring-Tallinnas-134x134.jpg 134w, https:\/\/finst.ee\/wp-content\/uploads\/2019\/09\/vestlusring-Tallinnas-300x300.jpg 300w, https:\/\/finst.ee\/wp-content\/uploads\/2019\/09\/vestlusring-Tallinnas-270x270.jpg 270w\" sizes=\"auto, (max-width: 960px) 100vw, 960px\" \/><\/p>\n","protected":false},"excerpt":{"rendered":"Suomenkieliset keskustelupiirit kokoontuvat Tallinnassa. Keskustelupiiriin ovat tervetulleita kaikki, jotka ovat kiinnostuneita keskustelemaan suomen kielell\u00e4! Keskustelemme jokap\u00e4iv\u00e4isist\u00e4 aiheista leppoisassa ja rennossa ilmapiiriss\u00e4. Maksuttomat keskustelupiirit j\u00e4rjestet\u00e4\u00e4n keskiviikkoisin kahden viikon v\u00e4lein klo 17.30 \u2013 19.00, Suomen Viron-instituutissa (Tallinn, Harju 1, toinen kerros). Kev\u00e4\u00e4n 2020 osalta kokoonnumme tammi-helmikuun vaihteesta alkaen.\u00a0 Tervetuloa!","protected":false},"author":2,"featured_media":0,"parent":23972,"menu_order":0,"comment_status":"closed","ping_status":"closed","template":"","meta":{"_acf_changed":false,"inline_featured_image":false,"footnotes":""},"tags":[242,204],"class_list":["post-11557","page","type-page","status-publish","hentry","tag-keskustelupiiri","tag-kieli"],"acf":{"exclude_page_from_page_listings":true,"meta_description":"","title":"Keskustelupiiri Tallinnassa","image":false},"_links":{"self":[{"href":"https:\/\/finst.ee\/fi\/wp-json\/wp\/v2\/pages\/11557","targetHints":{"allow":["GET"]}}],"collection":[{"href":"https:\/\/finst.ee\/fi\/wp-json\/wp\/v2\/pages"}],"about":[{"href":"https:\/\/finst.ee\/fi\/wp-json\/wp\/v2\/types\/page"}],"author":[{"embeddable":true,"href":"https:\/\/finst.ee\/fi\/wp-json\/wp\/v2\/users\/2"}],"replies":[{"embeddable":true,"href":"https:\/\/finst.ee\/fi\/wp-json\/wp\/v2\/comments?post=11557"}],"version-history":[{"count":12,"href":"https:\/\/finst.ee\/fi\/wp-json\/wp\/v2\/pages\/11557\/revisions"}],"predecessor-version":[{"id":27037,"href":"https:\/\/finst.ee\/fi\/wp-json\/wp\/v2\/pages\/11557\/revisions\/27037"}],"up":[{"embeddable":true,"href":"https:\/\/finst.ee\/fi\/wp-json\/wp\/v2\/pages\/23972"}],"wp:attachment":[{"href":"https:\/\/finst.ee\/fi\/wp-json\/wp\/v2\/media?parent=11557"}],"wp:term":[{"taxonomy":"post_tag","embeddable":true,"href":"https:\/\/finst.ee\/fi\/wp-json\/wp\/v2\/tags?post=11557"}],"curies":[{"name":"wp","href":"https:\/\/api.w.org\/{rel}","templated":true}]}}